{"id":11,"date":"2015-02-03T20:15:09","date_gmt":"2015-02-03T20:15:09","guid":{"rendered":"http:\/\/avada.theme-fusion.com_demos\/hotel\/?page_id=11"},"modified":"2019-04-08T21:38:14","modified_gmt":"2019-04-08T21:38:14","slug":"que-ofrecemos","status":"publish","type":"page","link":"https:\/\/vocatio.es\/index.php\/que-ofrecemos\/","title":{"rendered":"Qu\u00e9 te ofrecemos"},"content":{"rendered":"<div class=\"fusion-fullwidth fullwidth-box fusion-builder-row-1 fusion-flex-container nonhundred-percent-fullwidth non-hundred-percent-height-scrolling\" style=\"background-color: rgba(255,255,255,0);background-position: left top;background-repeat: no-repeat;border-width: 0px 0px 0px 0px;border-color:var(--awb-color3);border-style:solid;\" ><div class=\"fusion-builder-row fusion-row fusion-flex-align-items-flex-start\" style=\"max-width:1216.8px;margin-left: calc(-4% \/ 2 );margin-right: calc(-4% \/ 2 );\"><div class=\"fusion-layout-column fusion_builder_column fusion-builder-column-0 fusion_builder_column_1_2 1_2 fusion-flex-column\"><div class=\"fusion-column-wrapper fusion-flex-justify-content-flex-start fusion-content-layout-column\" style=\"background-position:left top;background-repeat:no-repeat;-webkit-background-size:cover;-moz-background-size:cover;-o-background-size:cover;background-size:cover;background-color:#ffffff;border:1px solid #ebeef1;padding: 40px 40px 40px 40px;\"><div style=\"text-align:center;\"><div class=\"awb-image-frame awb-image-frame-1 imageframe-liftup\"><span class=\" fusion-imageframe imageframe-dropshadow imageframe-1\" style=\"border:13px solid #ffffff;-webkit-box-shadow: 3px 3px 7px var(--awb-color7);box-shadow: 3px 3px 7px var(--awb-color7);\"><a href=\"https:\/\/vocatio.es\/wp-content\/uploads\/2019\/04\/queofrecemos-211x300.jpg\" class=\"fusion-lightbox\" data-rel=\"iLightbox[38de269889b85d962c7]\" data-title=\"queofrecemos\" title=\"queofrecemos\"><img decoding=\"async\" width=\"211\" height=\"300\" src=\"https:\/\/vocatio.es\/wp-content\/uploads\/2019\/04\/queofrecemos-211x300.jpg\" alt class=\"img-responsive wp-image-1678\" srcset=\"https:\/\/vocatio.es\/wp-content\/uploads\/2019\/04\/queofrecemos-200x285.jpg 200w, https:\/\/vocatio.es\/wp-content\/uploads\/2019\/04\/queofrecemos-400x569.jpg 400w, https:\/\/vocatio.es\/wp-content\/uploads\/2019\/04\/queofrecemos-600x854.jpg 600w, https:\/\/vocatio.es\/wp-content\/uploads\/2019\/04\/queofrecemos-800x1138.jpg 800w, https:\/\/vocatio.es\/wp-content\/uploads\/2019\/04\/queofrecemos-1200x1708.jpg 1200w, https:\/\/vocatio.es\/wp-content\/uploads\/2019\/04\/queofrecemos.jpg 1650w\" sizes=\"(max-width: 640px) 100vw, 600px\" \/><\/a><\/span><\/div><\/div><\/div><style type=\"text\/css\">.fusion-body .fusion-builder-column-0{width:50% !important;margin-top : 0px;margin-bottom : 20px;}.fusion-builder-column-0 > .fusion-column-wrapper {padding-top : 40px !important;padding-right : 40px !important;margin-right : 3.84%;padding-bottom : 40px !important;padding-left : 40px !important;margin-left : 3.84%;}@media only screen and (max-width:1024px) {.fusion-body .fusion-builder-column-0{width:50% !important;}.fusion-builder-column-0 > .fusion-column-wrapper {margin-right : 3.84%;margin-left : 3.84%;}}@media only screen and (max-width:640px) {.fusion-body .fusion-builder-column-0{width:100% !important;}.fusion-builder-column-0 > .fusion-column-wrapper {margin-right : 1.92%;margin-left : 1.92%;}}<\/style><\/div><div class=\"fusion-layout-column fusion_builder_column fusion-builder-column-1 fusion_builder_column_1_2 1_2 fusion-flex-column\"><div class=\"fusion-column-wrapper fusion-flex-justify-content-flex-start fusion-content-layout-column\" style=\"background-position:left top;background-repeat:no-repeat;-webkit-background-size:cover;-moz-background-size:cover;-o-background-size:cover;background-size:cover;padding: 0px 0px 0px 0px;\"><div class=\"fusion-text fusion-text-1\"><p style=\"letter-spacing: 4px; font-size: 13px; text-align: center; margin-bottom: 0px;\">POSIBILIDADES<\/p>\n<h1 style=\"text-align: center;\">\u00bfQu\u00e9 te ofrecemos?<\/h1>\n<\/div><div class=\"fusion-separator\" style=\"align-self: center;margin-left: auto;margin-right: auto;margin-top:0px;margin-bottom:20px;width:100%;max-width:50px;\"><div class=\"fusion-separator-border sep-single sep-solid\" style=\"border-color:#cbaa5c;border-top-width:1px;\"><\/div><\/div><div class=\"fusion-text fusion-text-2\"><p style=\"padding: 0px 50px; text-align: center;\">Vocatio es un encuentro con el Se\u00f1or que puedes realizar de dos modos:<\/p>\n<p style=\"text-align: center;\">1. Peregrinando espiritual y f\u00edsicamente por los lugares almodovenses vinculados a la experiencia vocacional de Juan de \u00c1vila.<\/p>\n<p style=\"text-align: center;\">2. Te ofrecemos su Casa Natal para que participes en los retiros espirituales que hemos organizado o para que t\u00fa y tu grupo organic\u00e9is las actividades espirituales que m\u00e1s os interesen.<\/p>\n<\/div><div class=\"fusion-separator fusion-full-width-sep\" style=\"align-self: center;margin-left: auto;margin-right: auto;margin-top:12px;width:100%;\"><\/div><div style=\"text-align:center;\"><style>.fusion-body .fusion-button.button-1{border-radius:0px 0px 0px 0px;}<\/style><a class=\"fusion-button button-flat button-large button-default button-1 fusion-button-default-span \" target=\"_self\" href=\"https:\/\/vocatio.es\/contact\/\"><span class=\"fusion-button-text fusion-button-text-right\">CONTACTO<\/span><span class=\"fusion-button-icon-divider button-icon-divider-right\"><i class=\"fa-angle-right fas\" aria-hidden=\"true\"><\/i><\/span><\/a><\/div><div class=\"fusion-separator fusion-full-width-sep\" style=\"align-self: center;margin-left: auto;margin-right: auto;margin-top:40px;width:100%;\"><\/div><div style=\"text-align:center;\"><span class=\" fusion-imageframe imageframe-none imageframe-2 hover-type-none\"><a href=\"https:\/\/vocatio.es\/wp-content\/uploads\/2019\/04\/CASA2-300x209.jpg\" class=\"fusion-lightbox\" data-rel=\"iLightbox[86498125eec61f740d7]\" data-title=\"CASA2\" title=\"CASA2\"><img decoding=\"async\" width=\"300\" height=\"209\" src=\"https:\/\/vocatio.es\/wp-content\/uploads\/2019\/04\/CASA2-300x209.jpg\" alt class=\"img-responsive wp-image-1681\" srcset=\"https:\/\/vocatio.es\/wp-content\/uploads\/2019\/04\/CASA2-200x139.jpg 200w, https:\/\/vocatio.es\/wp-content\/uploads\/2019\/04\/CASA2-400x278.jpg 400w, https:\/\/vocatio.es\/wp-content\/uploads\/2019\/04\/CASA2-600x417.jpg 600w, https:\/\/vocatio.es\/wp-content\/uploads\/2019\/04\/CASA2-800x557.jpg 800w, https:\/\/vocatio.es\/wp-content\/uploads\/2019\/04\/CASA2.jpg 1124w\" sizes=\"(max-width: 640px) 100vw, 600px\" \/><\/a><\/span><\/div><\/div><style type=\"text\/css\">.fusion-body .fusion-builder-column-1{width:50% !important;margin-top : 0px;margin-bottom : 20px;}.fusion-builder-column-1 > .fusion-column-wrapper {padding-top : 0px !important;padding-right : 0px !important;margin-right : 3.84%;padding-bottom : 0px !important;padding-left : 0px !important;margin-left : 3.84%;}@media only screen and (max-width:1024px) {.fusion-body .fusion-builder-column-1{width:50% !important;}.fusion-builder-column-1 > .fusion-column-wrapper {margin-right : 3.84%;margin-left : 3.84%;}}@media only screen and (max-width:640px) {.fusion-body .fusion-builder-column-1{width:100% !important;}.fusion-builder-column-1 > .fusion-column-wrapper {margin-right : 1.92%;margin-left : 1.92%;}}<\/style><\/div><\/div><style type=\"text\/css\">.fusion-body .fusion-flex-container.fusion-builder-row-1{ padding-top : 0px;margin-top : 0px;padding-right : 0px;padding-bottom : 85px;margin-bottom : 0px;padding-left : 0px;}<\/style><\/div>\n","protected":false},"excerpt":{"rendered":"","protected":false},"author":1,"featured_media":0,"parent":0,"menu_order":0,"comment_status":"open","ping_status":"closed","template":"100-width.php","meta":[],"yoast_head":"<!-- This site is optimized with the Yoast SEO plugin v19.9 - https:\/\/yoast.com\/wordpress\/plugins\/seo\/ -->\n<title>Qu\u00e9 te ofrecemos - Vocatio<\/title>\n<meta name=\"robots\" content=\"index, follow, max-snippet:-1, max-image-preview:large, max-video-preview:-1\" \/>\n<link rel=\"canonical\" href=\"https:\/\/vocatio.es\/index.php\/que-ofrecemos\/\" \/>\n<meta property=\"og:locale\" content=\"es_ES\" \/>\n<meta property=\"og:type\" content=\"article\" \/>\n<meta property=\"og:title\" content=\"Qu\u00e9 te ofrecemos - Vocatio\" \/>\n<meta property=\"og:url\" content=\"https:\/\/vocatio.es\/index.php\/que-ofrecemos\/\" \/>\n<meta property=\"og:site_name\" content=\"Vocatio\" \/>\n<meta property=\"article:modified_time\" content=\"2019-04-08T21:38:14+00:00\" \/>\n<meta name=\"twitter:card\" content=\"summary_large_image\" \/>\n<meta name=\"twitter:label1\" content=\"Tiempo de lectura\" \/>\n\t<meta name=\"twitter:data1\" content=\"3 minutos\" \/>\n<script type=\"application\/ld+json\" class=\"yoast-schema-graph\">{\"@context\":\"https:\/\/schema.org\",\"@graph\":[{\"@type\":\"WebPage\",\"@id\":\"https:\/\/vocatio.es\/index.php\/que-ofrecemos\/\",\"url\":\"https:\/\/vocatio.es\/index.php\/que-ofrecemos\/\",\"name\":\"Qu\u00e9 te ofrecemos - Vocatio\",\"isPartOf\":{\"@id\":\"https:\/\/vocatio.es\/#website\"},\"datePublished\":\"2015-02-03T20:15:09+00:00\",\"dateModified\":\"2019-04-08T21:38:14+00:00\",\"breadcrumb\":{\"@id\":\"https:\/\/vocatio.es\/index.php\/que-ofrecemos\/#breadcrumb\"},\"inLanguage\":\"es\",\"potentialAction\":[{\"@type\":\"ReadAction\",\"target\":[\"https:\/\/vocatio.es\/index.php\/que-ofrecemos\/\"]}]},{\"@type\":\"BreadcrumbList\",\"@id\":\"https:\/\/vocatio.es\/index.php\/que-ofrecemos\/#breadcrumb\",\"itemListElement\":[{\"@type\":\"ListItem\",\"position\":1,\"name\":\"Portada\",\"item\":\"https:\/\/vocatio.es\/\"},{\"@type\":\"ListItem\",\"position\":2,\"name\":\"Qu\u00e9 te ofrecemos\"}]},{\"@type\":\"WebSite\",\"@id\":\"https:\/\/vocatio.es\/#website\",\"url\":\"https:\/\/vocatio.es\/\",\"name\":\"Vocatio\",\"description\":\"San Juan de \u00c1vila en Almod\u00f3var del Campo\",\"potentialAction\":[{\"@type\":\"SearchAction\",\"target\":{\"@type\":\"EntryPoint\",\"urlTemplate\":\"https:\/\/vocatio.es\/?s={search_term_string}\"},\"query-input\":\"required name=search_term_string\"}],\"inLanguage\":\"es\"}]}<\/script>\n<!-- \/ Yoast SEO plugin. -->","yoast_head_json":{"title":"Qu\u00e9 te ofrecemos - Vocatio","robots":{"index":"index","follow":"follow","max-snippet":"max-snippet:-1","max-image-preview":"max-image-preview:large","max-video-preview":"max-video-preview:-1"},"canonical":"https:\/\/vocatio.es\/index.php\/que-ofrecemos\/","og_locale":"es_ES","og_type":"article","og_title":"Qu\u00e9 te ofrecemos - Vocatio","og_url":"https:\/\/vocatio.es\/index.php\/que-ofrecemos\/","og_site_name":"Vocatio","article_modified_time":"2019-04-08T21:38:14+00:00","twitter_card":"summary_large_image","twitter_misc":{"Tiempo de lectura":"3 minutos"},"schema":{"@context":"https:\/\/schema.org","@graph":[{"@type":"WebPage","@id":"https:\/\/vocatio.es\/index.php\/que-ofrecemos\/","url":"https:\/\/vocatio.es\/index.php\/que-ofrecemos\/","name":"Qu\u00e9 te ofrecemos - Vocatio","isPartOf":{"@id":"https:\/\/vocatio.es\/#website"},"datePublished":"2015-02-03T20:15:09+00:00","dateModified":"2019-04-08T21:38:14+00:00","breadcrumb":{"@id":"https:\/\/vocatio.es\/index.php\/que-ofrecemos\/#breadcrumb"},"inLanguage":"es","potentialAction":[{"@type":"ReadAction","target":["https:\/\/vocatio.es\/index.php\/que-ofrecemos\/"]}]},{"@type":"BreadcrumbList","@id":"https:\/\/vocatio.es\/index.php\/que-ofrecemos\/#breadcrumb","itemListElement":[{"@type":"ListItem","position":1,"name":"Portada","item":"https:\/\/vocatio.es\/"},{"@type":"ListItem","position":2,"name":"Qu\u00e9 te ofrecemos"}]},{"@type":"WebSite","@id":"https:\/\/vocatio.es\/#website","url":"https:\/\/vocatio.es\/","name":"Vocatio","description":"San Juan de \u00c1vila en Almod\u00f3var del Campo","potentialAction":[{"@type":"SearchAction","target":{"@type":"EntryPoint","urlTemplate":"https:\/\/vocatio.es\/?s={search_term_string}"},"query-input":"required name=search_term_string"}],"inLanguage":"es"}]}},"_links":{"self":[{"href":"https:\/\/vocatio.es\/index.php\/wp-json\/wp\/v2\/pages\/11"}],"collection":[{"href":"https:\/\/vocatio.es\/index.php\/wp-json\/wp\/v2\/pages"}],"about":[{"href":"https:\/\/vocatio.es\/index.php\/wp-json\/wp\/v2\/types\/page"}],"author":[{"embeddable":true,"href":"https:\/\/vocatio.es\/index.php\/wp-json\/wp\/v2\/users\/1"}],"replies":[{"embeddable":true,"href":"https:\/\/vocatio.es\/index.php\/wp-json\/wp\/v2\/comments?post=11"}],"version-history":[{"count":13,"href":"https:\/\/vocatio.es\/index.php\/wp-json\/wp\/v2\/pages\/11\/revisions"}],"predecessor-version":[{"id":1691,"href":"https:\/\/vocatio.es\/index.php\/wp-json\/wp\/v2\/pages\/11\/revisions\/1691"}],"wp:attachment":[{"href":"https:\/\/vocatio.es\/index.php\/wp-json\/wp\/v2\/media?parent=11"}],"curies":[{"name":"wp","href":"https:\/\/api.w.org\/{rel}","templated":true}]}}